{"id":3136,"date":"2020-06-30T08:33:55","date_gmt":"2020-06-30T08:33:55","guid":{"rendered":"http:\/\/wpdemo.archiwp.com\/theratio-sidenav\/?page_id=3136"},"modified":"2025-02-01T02:19:28","modified_gmt":"2025-02-01T01:19:28","slug":"contacts","status":"publish","type":"page","link":"https:\/\/myarhitekt.ba\/bs\/contacts\/","title":{"rendered":"Kontakt"},"content":{"rendered":"<div data-elementor-type=\"wp-page\" data-elementor-id=\"3136\" class=\"elementor elementor-3136\">\n\t\t\t\t<div class=\"elementor-element elementor-element-e0e8ab5 e-con-full e-flex e-con e-child\" data-id=\"e0e8ab5\" data-element_type=\"container\">\n\t\t<div class=\"elementor-element elementor-element-8b9cac6 e-con-full elementor-hidden-mobile e-flex e-con e-child\" data-id=\"8b9cac6\" data-element_type=\"container\" data-settings=\"{&quot;background_background&quot;:&quot;classic&quot;}\">\n\t\t\t\t<\/div>\n\t\t<div class=\"elementor-element elementor-element-9c9369e e-con-full e-flex e-con e-child\" data-id=\"9c9369e\" data-element_type=\"container\" data-settings=\"{&quot;background_background&quot;:&quot;classic&quot;}\">\n\t\t\t\t<div class=\"elementor-element elementor-element-d6e481a elementor-widget elementor-widget-heading\" data-id=\"d6e481a\" data-element_type=\"widget\" data-widget_type=\"heading.default\">\n\t\t\t\t<div class=\"elementor-widget-container\">\n\t\t\t\t\t<h2 class=\"elementor-heading-title elementor-size-default\">JAVITE NAM SE<\/h2>\t\t\t\t<\/div>\n\t\t\t\t<\/div>\n\t\t\t\t<div class=\"elementor-element elementor-element-0efa00b elementor-widget-divider--view-line elementor-widget elementor-widget-divider\" data-id=\"0efa00b\" data-element_type=\"widget\" data-widget_type=\"divider.default\">\n\t\t\t\t<div class=\"elementor-widget-container\">\n\t\t\t\t\t\t\t<div class=\"elementor-divider\">\n\t\t\t<span class=\"elementor-divider-separator\">\n\t\t\t\t\t\t<\/span>\n\t\t<\/div>\n\t\t\t\t\t\t<\/div>\n\t\t\t\t<\/div>\n\t\t\t\t<div class=\"elementor-element elementor-element-bd2432a elementor-widget elementor-widget-shortcode\" data-id=\"bd2432a\" data-element_type=\"widget\" data-widget_type=\"shortcode.default\">\n\t\t\t\t<div class=\"elementor-widget-container\">\n\t\t\t\t\t\t\t<div class=\"elementor-shortcode\">\n<div class=\"wpcf7 no-js\" id=\"wpcf7-f3305-o1\" lang=\"en-US\" dir=\"ltr\" data-wpcf7-id=\"3305\">\n<div class=\"screen-reader-response\"><p role=\"status\" aria-live=\"polite\" aria-atomic=\"true\"><\/p> <ul><\/ul><\/div>\n<form action=\"\/bs\/wp-json\/wp\/v2\/pages\/3136#wpcf7-f3305-o1\" method=\"post\" class=\"wpcf7-form init\" aria-label=\"Contact form\" novalidate=\"novalidate\" data-status=\"init\" data-trp-original-action=\"\/bs\/wp-json\/wp\/v2\/pages\/3136#wpcf7-f3305-o1\">\n<div style=\"display: none;\">\n<input type=\"hidden\" name=\"_wpcf7\" value=\"3305\" \/>\n<input type=\"hidden\" name=\"_wpcf7_version\" value=\"6.0.2\" \/>\n<input type=\"hidden\" name=\"_wpcf7_locale\" value=\"en_US\" \/>\n<input type=\"hidden\" name=\"_wpcf7_unit_tag\" value=\"wpcf7-f3305-o1\" \/>\n<input type=\"hidden\" name=\"_wpcf7_container_post\" value=\"0\" \/>\n<input type=\"hidden\" name=\"_wpcf7_posted_data_hash\" value=\"\" \/>\n<input type=\"hidden\" name=\"_wpcf7_recaptcha_response\" value=\"\" \/>\n<\/div>\n<div class=\"main-form\">\n\t<p class=\"font14\">Va\u0161a email adresa ne\u0107e biti objavljena. Obavezna polja su ozna\u010dena *\n\t<\/p>\n\t<p><span class=\"wpcf7-form-control-wrap\" data-name=\"your-name\"><input size=\"40\" maxlength=\"400\" class=\"wpcf7-form-control wpcf7-text wpcf7-validates-as-required\" aria-required=\"true\" aria-invalid=\"false\" placeholder=\"Va\u0161e ime *\" value=\"\" type=\"text\" name=\"your-name\" \/><\/span>\n\t<\/p>\n\t<p><span class=\"wpcf7-form-control-wrap\" data-name=\"your-email\"><input size=\"40\" maxlength=\"400\" class=\"wpcf7-form-control wpcf7-email wpcf7-validates-as-required wpcf7-text wpcf7-validates-as-email\" aria-required=\"true\" aria-invalid=\"false\" placeholder=\"Va\u0161 Email *\" value=\"\" type=\"email\" name=\"your-email\" \/><\/span>\n\t<\/p>\n\t<p><span class=\"wpcf7-form-control-wrap\" data-name=\"your-message\"><textarea cols=\"40\" rows=\"10\" maxlength=\"2000\" class=\"wpcf7-form-control wpcf7-textarea\" aria-invalid=\"false\" placeholder=\"Poruka...\" name=\"your-message\"><\/textarea><\/span>\n\t<\/p>\n\t<p><button type=\"submit\" class=\"octf-btn\">Po\u0161alji upit<\/button>\n\t<\/p>\n<\/div><div class=\"wpcf7-response-output\" aria-hidden=\"true\"><\/div>\n<input type=\"hidden\" name=\"trp-form-language\" value=\"bs\"\/><\/form>\n<\/div>\n<\/div>\n\t\t\t\t\t\t<\/div>\n\t\t\t\t<\/div>\n\t\t\t\t<\/div>\n\t\t<div class=\"elementor-element elementor-element-ff40b3a e-con-full e-flex e-con e-child\" data-id=\"ff40b3a\" data-element_type=\"container\" data-settings=\"{&quot;background_background&quot;:&quot;classic&quot;}\">\n\t\t<div class=\"elementor-element elementor-element-bfa3549 e-con-full e-flex e-con e-child\" data-id=\"bfa3549\" data-element_type=\"container\" data-settings=\"{&quot;background_background&quot;:&quot;classic&quot;}\">\n\t\t\t\t<div class=\"elementor-element elementor-element-ef18fd6 elementor-widget elementor-widget-iheading\" data-id=\"ef18fd6\" data-element_type=\"widget\" data-widget_type=\"iheading.default\">\n\t\t\t\t<div class=\"elementor-widget-container\">\n\t\t\t\t\t\t\t<div class=\"ot-heading\">\r\n\t        <span>Budite slobodni da nas kontaktirate<\/span>\t        <h2 class=\"main-heading\">Zapo\u010dnimo projekat<\/h2>\t    <\/div>\r\n\t    \t\t\t\t<\/div>\n\t\t\t\t<\/div>\n\t\t\t\t<div class=\"elementor-element elementor-element-513a280 elementor-widget elementor-widget-text-editor\" data-id=\"513a280\" data-element_type=\"widget\" data-widget_type=\"text-editor.default\">\n\t\t\t\t<div class=\"elementor-widget-container\">\n\t\t\t\t\t\t\t\t\t<p><span style=\"color: #ffffff;\">Pozovite nas ili svratite bilo kada, trudimo se da odgovorimo na sve upite u roku od 24 sata radnim danima. Rado \u0107emo odgovoriti na va\u0161a pitanja.<\/span><\/p>\t\t\t\t\t\t\t\t<\/div>\n\t\t\t\t<\/div>\n\t\t\t\t<div class=\"elementor-element elementor-element-ab65e42 elementor-widget elementor-widget-icontact_info\" data-id=\"ab65e42\" data-element_type=\"widget\" data-widget_type=\"icontact_info.default\">\n\t\t\t\t<div class=\"elementor-widget-container\">\n\t\t\t\t\t\t    \t<div class=\"contact-info\">\r\n\t\t        \t\t\t    \r\n\t\t\t    \t\t        <i class=\"ot-flaticon-place\"><\/i>\r\n\t\t        <div class=\"info-text\">\r\n\t\t        \t<h6>NA\u0160A ADRESA:<\/h6>\t\t        \t<p>Ferde Hauptmana 7, 1. sprat,\n71000 Sarajevo,\nBosna i Hercegovina<\/p>\t\t        <\/div>\r\n\t\t    <\/div>\r\n\t    \t\t\t\t<\/div>\n\t\t\t\t<\/div>\n\t\t\t\t<div class=\"elementor-element elementor-element-54cec15 elementor-widget elementor-widget-icontact_info\" data-id=\"54cec15\" data-element_type=\"widget\" data-widget_type=\"icontact_info.default\">\n\t\t\t\t<div class=\"elementor-widget-container\">\n\t\t\t\t\t\t    \t<div class=\"contact-info\">\r\n\t\t        \t\t\t    \r\n\t\t\t    \t\t        <i class=\"ot-flaticon-mail\"><\/i>\r\n\t\t        <div class=\"info-text\">\r\n\t\t        \t<h6>NA\u0160 EMAIL:<\/h6>\t\t        \t<p><a href=\"mailto:info@myarhitekt.ba\">info@myarhitekt.ba<\/a><\/p>\t\t        <\/div>\r\n\t\t    <\/div>\r\n\t    \t\t\t\t<\/div>\n\t\t\t\t<\/div>\n\t\t\t\t<div class=\"elementor-element elementor-element-4b64f16 elementor-widget elementor-widget-icontact_info\" data-id=\"4b64f16\" data-element_type=\"widget\" data-widget_type=\"icontact_info.default\">\n\t\t\t\t<div class=\"elementor-widget-container\">\n\t\t\t\t\t\t    \t<div class=\"contact-info\">\r\n\t\t        \t\t\t    \r\n\t\t\t    \t\t        <i class=\"ot-flaticon-phone-call\"><\/i>\r\n\t\t        <div class=\"info-text\">\r\n\t\t        \t<h6>BROJ TELEFONA:<\/h6>\t\t        \t<p><a href=\"tel: 38762169539\">+387 62 169 539<\/a><\/p>\t\t        <\/div>\r\n\t\t    <\/div>\r\n\t    \t\t\t\t<\/div>\n\t\t\t\t<\/div>\n\t\t\t\t<\/div>\n\t\t\t\t<\/div>\n\t\t<div class=\"elementor-element elementor-element-1260ba9 e-con-full elementor-hidden-mobile e-flex e-con e-child\" data-id=\"1260ba9\" data-element_type=\"container\" data-settings=\"{&quot;background_background&quot;:&quot;classic&quot;}\">\n\t\t\t\t<\/div>\n\t\t\t\t<\/div>\n\t\t<div class=\"elementor-element elementor-element-5c430ee e-con-full e-flex e-con e-child\" data-id=\"5c430ee\" data-element_type=\"container\">\n\t\t<div class=\"elementor-element elementor-element-1ecb59b e-con-full elementor-hidden-mobile e-flex e-con e-child\" data-id=\"1ecb59b\" data-element_type=\"container\" data-settings=\"{&quot;background_background&quot;:&quot;classic&quot;}\">\n\t\t\t\t<\/div>\n\t\t<div class=\"elementor-element elementor-element-c291d30 e-con-full e-flex e-con e-child\" data-id=\"c291d30\" data-element_type=\"container\" data-settings=\"{&quot;background_background&quot;:&quot;classic&quot;}\">\n\t\t\t\t<div class=\"elementor-element elementor-element-3a0c953 elementor-widget elementor-widget-google_maps\" data-id=\"3a0c953\" data-element_type=\"widget\" data-widget_type=\"google_maps.default\">\n\t\t\t\t<div class=\"elementor-widget-container\">\n\t\t\t\t\t\t\t<div class=\"elementor-custom-embed\">\n\t\t\t<iframe loading=\"lazy\"\n\t\t\t\t\tsrc=\"https:\/\/maps.google.com\/maps?q=Ferde%20Hauptmana%207%20sarajevo&#038;t=m&#038;z=15&#038;output=embed&#038;iwloc=near\"\n\t\t\t\t\ttitle=\"Ferde Hauptmana 7 sarajevo\"\n\t\t\t\t\taria-label=\"Ferde Hauptmana 7 sarajevo\"\n\t\t\t><\/iframe>\n\t\t<\/div>\n\t\t\t\t\t\t<\/div>\n\t\t\t\t<\/div>\n\t\t\t\t<\/div>\n\t\t<div class=\"elementor-element elementor-element-840f0d5 e-con-full elementor-hidden-mobile e-flex e-con e-child\" data-id=\"840f0d5\" data-element_type=\"container\" data-settings=\"{&quot;background_background&quot;:&quot;classic&quot;}\">\n\t\t\t\t<\/div>\n\t\t\t\t<\/div>\n\t\t\t\t<\/div>","protected":false},"excerpt":{"rendered":"<p>Get in Touch Feel free to contact us Let&#8217;s Start a Project Give us a call or drop by anytime, we endeavour to answer all enquiries within 24 hours on business days. We will be happy to answer your questions. OUR ADDRESS: Ferde Hauptmana 7, 1st Floor 71000 Sarajevo Bosnia and Herzegovina OUR EMAIL: info@myarhitekt.ba [&hellip;]<\/p>","protected":false},"author":1,"featured_media":0,"parent":0,"menu_order":0,"comment_status":"closed","ping_status":"closed","template":"","meta":{"footnotes":""},"class_list":["post-3136","page","type-page","status-publish","hentry"],"yoast_head":"<!-- This site is optimized with the Yoast SEO plugin v24.1 - https:\/\/yoast.com\/wordpress\/plugins\/seo\/ -->\n<title>Contacts &#8211; MY ARHITEKT<\/title>\n<meta name=\"robots\" content=\"index, follow, max-snippet:-1, max-image-preview:large, max-video-preview:-1\" \/>\n<link rel=\"canonical\" href=\"https:\/\/myarhitekt.ba\/bs\/contacts\/\" \/>\n<meta property=\"og:locale\" content=\"bs_BA\" \/>\n<meta property=\"og:type\" content=\"article\" \/>\n<meta property=\"og:title\" content=\"Contacts &#8211; MY ARHITEKT\" \/>\n<meta property=\"og:description\" content=\"Get in Touch Feel free to contact us Let&#8217;s Start a Project Give us a call or drop by anytime, we endeavour to answer all enquiries within 24 hours on business days. We will be happy to answer your questions. OUR ADDRESS: Ferde Hauptmana 7, 1st Floor 71000 Sarajevo Bosnia and Herzegovina OUR EMAIL: info@myarhitekt.ba [&hellip;]\" \/>\n<meta property=\"og:url\" content=\"https:\/\/myarhitekt.ba\/bs\/contacts\/\" \/>\n<meta property=\"og:site_name\" content=\"MY ARHITEKT\" \/>\n<meta property=\"article:publisher\" content=\"https:\/\/www.facebook.com\/myarhitekt\/\" \/>\n<meta property=\"article:modified_time\" content=\"2025-02-01T01:19:28+00:00\" \/>\n<meta property=\"og:image\" content=\"https:\/\/myarhitekt.ba\/wp-content\/uploads\/2025\/01\/My-Arhitekt-logo-Profilna-slika-scaled.jpg\" \/>\n\t<meta property=\"og:image:width\" content=\"2560\" \/>\n\t<meta property=\"og:image:height\" content=\"2560\" \/>\n\t<meta property=\"og:image:type\" content=\"image\/jpeg\" \/>\n<meta name=\"twitter:card\" content=\"summary_large_image\" \/>\n<meta name=\"twitter:label1\" content=\"Est. reading time\" \/>\n\t<meta name=\"twitter:data1\" content=\"1 minuta\" \/>\n<script type=\"application\/ld+json\" class=\"yoast-schema-graph\">{\"@context\":\"https:\/\/schema.org\",\"@graph\":[{\"@type\":\"WebPage\",\"@id\":\"https:\/\/myarhitekt.ba\/contacts\/\",\"url\":\"https:\/\/myarhitekt.ba\/contacts\/\",\"name\":\"Contacts &#8211; MY ARHITEKT\",\"isPartOf\":{\"@id\":\"https:\/\/myarhitekt.ba\/#website\"},\"datePublished\":\"2020-06-30T08:33:55+00:00\",\"dateModified\":\"2025-02-01T01:19:28+00:00\",\"breadcrumb\":{\"@id\":\"https:\/\/myarhitekt.ba\/contacts\/#breadcrumb\"},\"inLanguage\":\"bs-BA\",\"potentialAction\":[{\"@type\":\"ReadAction\",\"target\":[\"https:\/\/myarhitekt.ba\/contacts\/\"]}]},{\"@type\":\"BreadcrumbList\",\"@id\":\"https:\/\/myarhitekt.ba\/contacts\/#breadcrumb\",\"itemListElement\":[{\"@type\":\"ListItem\",\"position\":1,\"name\":\"Po\u010detna stranica\",\"item\":\"https:\/\/myarhitekt.ba\/\"},{\"@type\":\"ListItem\",\"position\":2,\"name\":\"Contacts\"}]},{\"@type\":\"WebSite\",\"@id\":\"https:\/\/myarhitekt.ba\/#website\",\"url\":\"https:\/\/myarhitekt.ba\/\",\"name\":\"MYARHITEKT.ba\",\"description\":\"ARCHITECTURE WITH CHARACTER\",\"publisher\":{\"@id\":\"https:\/\/myarhitekt.ba\/#organization\"},\"potentialAction\":[{\"@type\":\"SearchAction\",\"target\":{\"@type\":\"EntryPoint\",\"urlTemplate\":\"https:\/\/myarhitekt.ba\/?s={search_term_string}\"},\"query-input\":{\"@type\":\"PropertyValueSpecification\",\"valueRequired\":true,\"valueName\":\"search_term_string\"}}],\"inLanguage\":\"bs-BA\"},{\"@type\":\"Organization\",\"@id\":\"https:\/\/myarhitekt.ba\/#organization\",\"name\":\"MY ARHITEKT d.o.o.\",\"url\":\"https:\/\/myarhitekt.ba\/\",\"logo\":{\"@type\":\"ImageObject\",\"inLanguage\":\"bs-BA\",\"@id\":\"https:\/\/myarhitekt.ba\/#\/schema\/logo\/image\/\",\"url\":\"https:\/\/myarhitekt.ba\/wp-content\/uploads\/2021\/04\/Favicon.png\",\"contentUrl\":\"https:\/\/myarhitekt.ba\/wp-content\/uploads\/2021\/04\/Favicon.png\",\"width\":124,\"height\":137,\"caption\":\"MY ARHITEKT d.o.o.\"},\"image\":{\"@id\":\"https:\/\/myarhitekt.ba\/#\/schema\/logo\/image\/\"},\"sameAs\":[\"https:\/\/www.facebook.com\/myarhitekt\/\",\"https:\/\/www.instagram.com\/myarhitekt\/\"]}]}<\/script>\n<!-- \/ Yoast SEO plugin. -->","yoast_head_json":{"title":"Contacts &#8211; MY ARHITEKT","robots":{"index":"index","follow":"follow","max-snippet":"max-snippet:-1","max-image-preview":"max-image-preview:large","max-video-preview":"max-video-preview:-1"},"canonical":"https:\/\/myarhitekt.ba\/bs\/contacts\/","og_locale":"bs_BA","og_type":"article","og_title":"Contacts &#8211; MY ARHITEKT","og_description":"Get in Touch Feel free to contact us Let&#8217;s Start a Project Give us a call or drop by anytime, we endeavour to answer all enquiries within 24 hours on business days. We will be happy to answer your questions. OUR ADDRESS: Ferde Hauptmana 7, 1st Floor 71000 Sarajevo Bosnia and Herzegovina OUR EMAIL: info@myarhitekt.ba [&hellip;]","og_url":"https:\/\/myarhitekt.ba\/bs\/contacts\/","og_site_name":"MY ARHITEKT","article_publisher":"https:\/\/www.facebook.com\/myarhitekt\/","article_modified_time":"2025-02-01T01:19:28+00:00","og_image":[{"width":2560,"height":2560,"url":"https:\/\/myarhitekt.ba\/wp-content\/uploads\/2025\/01\/My-Arhitekt-logo-Profilna-slika-scaled.jpg","type":"image\/jpeg"}],"twitter_card":"summary_large_image","twitter_misc":{"Est. reading time":"1 minuta"},"schema":{"@context":"https:\/\/schema.org","@graph":[{"@type":"WebPage","@id":"https:\/\/myarhitekt.ba\/contacts\/","url":"https:\/\/myarhitekt.ba\/contacts\/","name":"Contacts &#8211; MY ARHITEKT","isPartOf":{"@id":"https:\/\/myarhitekt.ba\/#website"},"datePublished":"2020-06-30T08:33:55+00:00","dateModified":"2025-02-01T01:19:28+00:00","breadcrumb":{"@id":"https:\/\/myarhitekt.ba\/contacts\/#breadcrumb"},"inLanguage":"bs-BA","potentialAction":[{"@type":"ReadAction","target":["https:\/\/myarhitekt.ba\/contacts\/"]}]},{"@type":"BreadcrumbList","@id":"https:\/\/myarhitekt.ba\/contacts\/#breadcrumb","itemListElement":[{"@type":"ListItem","position":1,"name":"Po\u010detna stranica","item":"https:\/\/myarhitekt.ba\/"},{"@type":"ListItem","position":2,"name":"Contacts"}]},{"@type":"WebSite","@id":"https:\/\/myarhitekt.ba\/#website","url":"https:\/\/myarhitekt.ba\/","name":"MYARHITEKT.ba","description":"ARCHITECTURE WITH CHARACTER","publisher":{"@id":"https:\/\/myarhitekt.ba\/#organization"},"potentialAction":[{"@type":"SearchAction","target":{"@type":"EntryPoint","urlTemplate":"https:\/\/myarhitekt.ba\/?s={search_term_string}"},"query-input":{"@type":"PropertyValueSpecification","valueRequired":true,"valueName":"search_term_string"}}],"inLanguage":"bs-BA"},{"@type":"Organization","@id":"https:\/\/myarhitekt.ba\/#organization","name":"MY ARHITEKT d.o.o.","url":"https:\/\/myarhitekt.ba\/","logo":{"@type":"ImageObject","inLanguage":"bs-BA","@id":"https:\/\/myarhitekt.ba\/#\/schema\/logo\/image\/","url":"https:\/\/myarhitekt.ba\/wp-content\/uploads\/2021\/04\/Favicon.png","contentUrl":"https:\/\/myarhitekt.ba\/wp-content\/uploads\/2021\/04\/Favicon.png","width":124,"height":137,"caption":"MY ARHITEKT d.o.o."},"image":{"@id":"https:\/\/myarhitekt.ba\/#\/schema\/logo\/image\/"},"sameAs":["https:\/\/www.facebook.com\/myarhitekt\/","https:\/\/www.instagram.com\/myarhitekt\/"]}]}},"_links":{"self":[{"href":"https:\/\/myarhitekt.ba\/bs\/wp-json\/wp\/v2\/pages\/3136","targetHints":{"allow":["GET"]}}],"collection":[{"href":"https:\/\/myarhitekt.ba\/bs\/wp-json\/wp\/v2\/pages"}],"about":[{"href":"https:\/\/myarhitekt.ba\/bs\/wp-json\/wp\/v2\/types\/page"}],"author":[{"embeddable":true,"href":"https:\/\/myarhitekt.ba\/bs\/wp-json\/wp\/v2\/users\/1"}],"replies":[{"embeddable":true,"href":"https:\/\/myarhitekt.ba\/bs\/wp-json\/wp\/v2\/comments?post=3136"}],"version-history":[{"count":30,"href":"https:\/\/myarhitekt.ba\/bs\/wp-json\/wp\/v2\/pages\/3136\/revisions"}],"predecessor-version":[{"id":5751,"href":"https:\/\/myarhitekt.ba\/bs\/wp-json\/wp\/v2\/pages\/3136\/revisions\/5751"}],"wp:attachment":[{"href":"https:\/\/myarhitekt.ba\/bs\/wp-json\/wp\/v2\/media?parent=3136"}],"curies":[{"name":"wp","href":"https:\/\/api.w.org\/{rel}","templated":true}]}}